{"id":639,"date":"2021-02-26T10:32:02","date_gmt":"2021-02-26T10:32:02","guid":{"rendered":"https:\/\/sqg.es\/?page_id=639"},"modified":"2023-01-23T18:26:29","modified_gmt":"2023-01-23T18:26:29","slug":"contacte","status":"publish","type":"page","link":"https:\/\/sqg.es\/ca\/contacte\/","title":{"rendered":"Contacte"},"content":{"rendered":"<p>[et_pb_section fb_built=&#8221;1&#8243; _builder_version=&#8221;4.7.7&#8243; _module_preset=&#8221;default&#8221; custom_padding=&#8221;0px||||false|false&#8221;][et_pb_row custom_padding_last_edited=&#8221;on|phone&#8221; _builder_version=&#8221;4.7.7&#8243; _module_preset=&#8221;default&#8221; width_tablet=&#8221;&#8221; width_phone=&#8221;&#8221; width_last_edited=&#8221;on|tablet&#8221; min_height=&#8221;0px&#8221; custom_margin=&#8221;0px||0px||true|false&#8221; custom_padding=&#8221;||0vw||false|false&#8221; custom_padding_tablet=&#8221;&#8221; custom_padding_phone=&#8221;||24vw||false|false&#8221; locked=&#8221;off&#8221;][et_pb_column type=&#8221;4_4&#8243; _builder_version=&#8221;4.7.7&#8243; _module_preset=&#8221;default&#8221;][et_pb_text _builder_version=&#8221;4.7.7&#8243; _module_preset=&#8221;default&#8221; header_font=&#8221;IBM Plex Sans|700|||||||&#8221; header_text_align=&#8221;center&#8221; header_text_color=&#8221;#002856&#8243; custom_margin_tablet=&#8221;&#8221; custom_margin_phone=&#8221;&#8221; custom_margin_last_edited=&#8221;on|desktop&#8221; locked=&#8221;off&#8221;]<\/p>\n<h1>Contacte<\/h1>\n<p>[\/et_pb_text][\/et_pb_column][\/et_pb_row][et_pb_row custom_padding_last_edited=&#8221;on|phone&#8221; _builder_version=&#8221;4.7.7&#8243; _module_preset=&#8221;default&#8221; custom_padding=&#8221;0vw||0vw||true|false&#8221; custom_padding_tablet=&#8221;&#8221; custom_padding_phone=&#8221;0vw||0vw||true|false&#8221;][et_pb_column type=&#8221;4_4&#8243; _builder_version=&#8221;4.7.7&#8243; _module_preset=&#8221;default&#8221;][et_pb_text _builder_version=&#8221;4.7.7&#8243; _module_preset=&#8221;default&#8221; text_font=&#8221;IBM Plex Sans|300|||||||&#8221; text_text_color=&#8221;#002856&#8243; text_font_size=&#8221;26px&#8221; text_line_height=&#8221;1.3em&#8221; text_orientation=&#8221;center&#8221; custom_padding=&#8221;0px||0px||false|false&#8221; text_font_size_tablet=&#8221;&#8221; text_font_size_phone=&#8221;20px&#8221; text_font_size_last_edited=&#8221;on|phone&#8221;]Si necessites informaci\u00f3 o tens qualsevol dubte, estarem encantats de poder atendre&#8217;t[\/et_pb_text][\/et_pb_column][\/et_pb_row][et_pb_row custom_padding_last_edited=&#8221;on|phone&#8221; _builder_version=&#8221;4.7.7&#8243; _module_preset=&#8221;default&#8221; custom_padding=&#8221;0vw||3vw||false|false&#8221; custom_padding_tablet=&#8221;&#8221; custom_padding_phone=&#8221;0vw||34vw||false|false&#8221; locked=&#8221;off&#8221;][et_pb_column type=&#8221;4_4&#8243; _builder_version=&#8221;4.7.7&#8243; _module_preset=&#8221;default&#8221;][et_pb_text _builder_version=&#8221;4.7.7&#8243; _module_preset=&#8221;default&#8221; text_font=&#8221;IBM Plex Sans|300|||||||&#8221; text_text_color=&#8221;#002856&#8243; text_font_size=&#8221;20px&#8221; text_line_height=&#8221;1.3em&#8221; header_4_font=&#8221;|600|||||||&#8221; header_4_text_color=&#8221;#002856&#8243; text_orientation=&#8221;center&#8221; hover_enabled=&#8221;0&#8243; text_font_size_tablet=&#8221;&#8221; text_font_size_phone=&#8221;20px&#8221; text_font_size_last_edited=&#8221;on|phone&#8221; sticky_enabled=&#8221;0&#8243;]<\/p>\n<h4>Oficines<\/h4>\n<p>Carrer de Pi i Margall, 2, 1er<br \/>08840 Viladecans<br \/>Tel. 93 637 88 07<br \/>Fax 93 647 20 14<br \/><a href=\"mailto:sqg@sqg.es\">sqg@sqg.es<\/a><\/p>\n<p>[\/et_pb_text][\/et_pb_column][\/et_pb_row][\/et_pb_section][et_pb_section fb_built=&#8221;1&#8243; fullwidth=&#8221;on&#8221; _builder_version=&#8221;4.7.7&#8243; _module_preset=&#8221;default&#8221; custom_padding=&#8221;0px||0px||false|false&#8221;][et_pb_fullwidth_code _builder_version=&#8221;4.7.7&#8243; _module_preset=&#8221;default&#8221; filter_saturate=&#8221;0%&#8221;]<iframe loading=\"lazy\" src=\"https:\/\/www.google.com\/maps\/embed?pb=!1m18!1m12!1m3!1d2996.734927352412!2d2.0164738162839897!3d41.314102079271045!2m3!1f0!2f0!3f0!3m2!1i1024!2i768!4f13.1!3m3!1m2!1s0x12a49cf012eadf8d%3A0x13550b7114d81450!2sCarrer%20de%20Pi%20i%20Margall%2C%202%2C%2008840%my-project-14939796038320Viladecans%2C%20Barcelona!5e0!3m2!1sca!2ses!4v1614858731666!5m2!1sca!2ses\" width=\"100%\" height=\"450\"  frameborder=\"0\" style=\"border:0;\" allowfullscreen=\"\" aria-hidden=\"false\" tabindex=\"0\"><\/iframe>[\/et_pb_fullwidth_code][\/et_pb_section][et_pb_section fb_built=&#8221;1&#8243; _builder_version=&#8221;4.7.7&#8243; _module_preset=&#8221;default&#8221; background_color=&#8221;#e7e8e8&#8243; locked=&#8221;off&#8221;][et_pb_row custom_padding_last_edited=&#8221;on|phone&#8221; _builder_version=&#8221;4.7.7&#8243; _module_preset=&#8221;default&#8221; custom_padding=&#8221;3vw||0vw||false|false&#8221; custom_padding_tablet=&#8221;3vw||||false|false&#8221; custom_padding_phone=&#8221;28vw||||false|false&#8221;][et_pb_column type=&#8221;4_4&#8243; _builder_version=&#8221;4.7.7&#8243; _module_preset=&#8221;default&#8221;][et_pb_text _builder_version=&#8221;4.7.7&#8243; _module_preset=&#8221;default&#8221; text_font=&#8221;IBM Plex Sans|300|||||||&#8221; text_text_color=&#8221;#002856&#8243; text_font_size=&#8221;26px&#8221; text_line_height=&#8221;1.2em&#8221; header_font=&#8221;IBM Plex Sans|700|||||||&#8221; header_text_color=&#8221;#002856&#8243; custom_margin=&#8221;0px||0px||false|false&#8221; custom_margin_tablet=&#8221;0px|||0px|false|false&#8221; custom_margin_phone=&#8221;0px||0px||false|false&#8221; custom_padding=&#8221;||||false|false&#8221; header_font_size_phone=&#8221;25px&#8221;]<\/p>\n<h1 style=\"text-align: center;\">Contacta amb nosaltres<\/h1>\n<p>[\/et_pb_text][\/et_pb_column][\/et_pb_row][et_pb_row use_custom_gutter=&#8221;on&#8221; gutter_width=&#8221;1&#8243; custom_padding_last_edited=&#8221;on|phone&#8221; _builder_version=&#8221;4.7.7&#8243; _module_preset=&#8221;default&#8221; width=&#8221;60%&#8221; max_width=&#8221;1720px&#8221; custom_padding=&#8221;0vw||0vw||true|false&#8221; custom_padding_tablet=&#8221;&#8221; custom_padding_phone=&#8221;0vw||0vw||true|false&#8221; locked=&#8221;off&#8221;][et_pb_column type=&#8221;4_4&#8243; _builder_version=&#8221;4.7.7&#8243; _module_preset=&#8221;default&#8221;][dvppl_cf7_styler cf7=&#8221;1349&#8243; form_background_color=&#8221;rgba(245,245,245,0)&#8221; form_field_active_color=&#8221;rgba(0,0,0,0)&#8221; cr_custom_styles=&#8221;on&#8221; _builder_version=&#8221;4.7.7&#8243; _module_preset=&#8221;default&#8221; form_field_font_text_color=&#8221;#000000&#8243; form_field_font_font_size=&#8221;27px&#8221; form_field_font_line_height=&#8221;1.1em&#8221; labels_line_height=&#8221;1em&#8221; placeholder_font_size=&#8221;16px&#8221; custom_submit_button=&#8221;on&#8221; submit_button_text_color=&#8221;#002856&#8243; submit_button_bg_color=&#8221;rgba(0,40,86,0)&#8221; submit_button_border_width=&#8221;2px&#8221; submit_button_border_color=&#8221;#002856&#8243; submit_button_font=&#8221;IBM Plex Sans||||||||&#8221; custom_margin=&#8221;-33px||||false|false&#8221; labels_font_size_tablet=&#8221;&#8221; labels_font_size_phone=&#8221;14px&#8221; labels_font_size_last_edited=&#8221;on|phone&#8221; submit_button_text_size_tablet=&#8221;&#8221; submit_button_text_size_phone=&#8221;12px&#8221; submit_button_text_size_last_edited=&#8221;on|phone&#8221; border_color_all_field=&#8221;rgba(0,0,0,0)&#8221; border_style_top_field=&#8221;dashed&#8221; border_color_bottom_field=&#8221;#e02b20&#8243; border_radii_field_tablet=&#8221;&#8221; border_radii_field_phone=&#8221;&#8221; border_radii_field_last_edited=&#8221;on|desktop&#8221;][\/dvppl_cf7_styler][\/et_pb_column][\/et_pb_row][et_pb_row custom_padding_last_edited=&#8221;on|phone&#8221; _builder_version=&#8221;4.7.7&#8243; _module_preset=&#8221;default&#8221; width=&#8221;60%&#8221; custom_margin_tablet=&#8221;&#8221; custom_margin_phone=&#8221;&#8221; custom_margin_last_edited=&#8221;on|tablet&#8221; custom_padding=&#8221;0vw||3vw||false|false&#8221; custom_padding_tablet=&#8221;&#8221; custom_padding_phone=&#8221;||34vw||false|false&#8221; locked=&#8221;off&#8221;][et_pb_column type=&#8221;4_4&#8243; _builder_version=&#8221;4.7.7&#8243; _module_preset=&#8221;default&#8221;][et_pb_text _builder_version=&#8221;4.7.7&#8243; _module_preset=&#8221;default&#8221; text_font=&#8221;|300|||||||&#8221; text_font_size=&#8221;13px&#8221; text_line_height=&#8221;1.6em&#8221; text_line_height_tablet=&#8221;&#8221; text_line_height_phone=&#8221;&#8221; text_line_height_last_edited=&#8221;on|phone&#8221; locked=&#8221;off&#8221;]<\/p>\n<p><strong>INFORMACI\u00d3 B\u00c0SICA<\/strong> de protecci\u00f3 de dades:<\/p>\n<p><strong>Responsable del tractament:<\/strong> SQG <strong><a href=\"https:\/\/sqg.es\/ca\/politica-de-privacitat\">+info<\/a><\/strong><br \/> <strong>Finalitat:<\/strong> Rebre les comunicacions comercials per mitjans electr\u00f2nics de publicacions legals, comentaris i an\u00e0lisi jur\u00eddics.<br \/> <strong>Legitimitat:<\/strong> El consentiment atorgat en marcar la casella indicada en aquest formulari <strong><a href=\"https:\/\/sqg.es\/ca\/politica-de-privacitat\">+info<\/a><\/strong><br \/> <strong>Destinataris:<\/strong> Seran destinataris de les dades els encarregats del tractament <strong><a href=\"https:\/\/sqg.es\/ca\/politica-de-privacitat\">+info<\/a><\/strong><br \/> <strong>Drets:<\/strong> Drets reconeguts en la normativa de protecci\u00f3 de dades i \/ o revocaci\u00f3 del consentiment detallats en la <a href=\"https:\/\/sqg.es\/ca\/politica-de-privacitat\"><strong>Pol\u00edtica de Privacitat<\/strong><\/a><br \/> <strong>Informaci\u00f3 addicional:<\/strong> Podeu consultar la informaci\u00f3 addicional i detallada sobre protecci\u00f3 de dades <a href=\"https:\/\/sqg.es\/ca\/politica-de-privacitat\"><strong>aqu\u00ed<\/strong><\/a><\/p>\n<p>[\/et_pb_text][\/et_pb_column][\/et_pb_row][\/et_pb_section]<\/p>\n","protected":false},"excerpt":{"rendered":"<p>[et_pb_section fb_built=&#8221;1&#8243; _builder_version=&#8221;4.7.7&#8243; _module_preset=&#8221;default&#8221; custom_padding=&#8221;0px||||false|false&#8221;][et_pb_row custom_padding_last_edited=&#8221;on|phone&#8221; _builder_version=&#8221;4.7.7&#8243; _module_preset=&#8221;default&#8221; width_tablet=&#8221;&#8221; width_phone=&#8221;&#8221; width_last_edited=&#8221;on|tablet&#8221; min_height=&#8221;0px&#8221; custom_margin=&#8221;0px||0px||true|false&#8221; custom_padding=&#8221;||0vw||false|false&#8221; custom_padding_tablet=&#8221;&#8221; custom_padding_phone=&#8221;||24vw||false|false&#8221; locked=&#8221;off&#8221;][et_pb_column type=&#8221;4_4&#8243; _builder_version=&#8221;4.7.7&#8243; _module_preset=&#8221;default&#8221;][et_pb_text _builder_version=&#8221;4.7.7&#8243; _module_preset=&#8221;default&#8221; header_font=&#8221;IBM Plex Sans|700|||||||&#8221; header_text_align=&#8221;center&#8221; header_text_color=&#8221;#002856&#8243; custom_margin_tablet=&#8221;&#8221; custom_margin_phone=&#8221;&#8221; custom_margin_last_edited=&#8221;on|desktop&#8221; locked=&#8221;off&#8221;] Contacte [\/et_pb_text][\/et_pb_column][\/et_pb_row][et_pb_row custom_padding_last_edited=&#8221;on|phone&#8221; _builder_version=&#8221;4.7.7&#8243; _module_preset=&#8221;default&#8221; custom_padding=&#8221;0vw||0vw||true|false&#8221; custom_padding_tablet=&#8221;&#8221; custom_padding_phone=&#8221;0vw||0vw||true|false&#8221;][et_pb_column type=&#8221;4_4&#8243; _builder_version=&#8221;4.7.7&#8243; _module_preset=&#8221;default&#8221;][et_pb_text _builder_version=&#8221;4.7.7&#8243; _module_preset=&#8221;default&#8221; text_font=&#8221;IBM Plex Sans|300|||||||&#8221; text_text_color=&#8221;#002856&#8243; text_font_size=&#8221;26px&#8221; text_line_height=&#8221;1.3em&#8221; text_orientation=&#8221;center&#8221; custom_padding=&#8221;0px||0px||false|false&#8221; text_font_size_tablet=&#8221;&#8221; text_font_size_phone=&#8221;20px&#8221; text_font_size_last_edited=&#8221;on|phone&#8221;]Si [&hellip;]<\/p>\n","protected":false},"author":1,"featured_media":0,"parent":0,"menu_order":0,"comment_status":"closed","ping_status":"closed","template":"","meta":{"_et_pb_use_builder":"on","_et_pb_old_content":"","_et_gb_content_width":"","footnotes":""},"class_list":["post-639","page","type-page","status-publish","hentry"],"_links":{"self":[{"href":"https:\/\/sqg.es\/ca\/wp-json\/wp\/v2\/pages\/639","targetHints":{"allow":["GET"]}}],"collection":[{"href":"https:\/\/sqg.es\/ca\/wp-json\/wp\/v2\/pages"}],"about":[{"href":"https:\/\/sqg.es\/ca\/wp-json\/wp\/v2\/types\/page"}],"author":[{"embeddable":true,"href":"https:\/\/sqg.es\/ca\/wp-json\/wp\/v2\/users\/1"}],"replies":[{"embeddable":true,"href":"https:\/\/sqg.es\/ca\/wp-json\/wp\/v2\/comments?post=639"}],"version-history":[{"count":0,"href":"https:\/\/sqg.es\/ca\/wp-json\/wp\/v2\/pages\/639\/revisions"}],"wp:attachment":[{"href":"https:\/\/sqg.es\/ca\/wp-json\/wp\/v2\/media?parent=639"}],"curies":[{"name":"wp","href":"https:\/\/api.w.org\/{rel}","templated":true}]}}