{"id":6,"date":"2021-02-10T11:20:01","date_gmt":"2021-02-10T11:20:01","guid":{"rendered":"https:\/\/sqg.es\/?page_id=6"},"modified":"2023-01-13T15:24:48","modified_gmt":"2023-01-13T15:24:48","slug":"6-2","status":"publish","type":"page","link":"https:\/\/sqg.es\/ca\/","title":{"rendered":"Inici"},"content":{"rendered":"<p>[et_pb_section fb_built=&#8221;1&#8243; fullwidth=&#8221;on&#8221; custom_padding_last_edited=&#8221;on|desktop&#8221; _builder_version=&#8221;4.7.7&#8243; _module_preset=&#8221;default&#8221; background_color=&#8221;#ffffff&#8221; custom_padding=&#8221;||0vw||false|false&#8221; custom_padding_tablet=&#8221;||6vw||false|false&#8221; custom_padding_phone=&#8221;||6vw||false|false&#8221;][et_pb_fullwidth_header header_fullscreen=&#8221;on&#8221; header_scroll_down=&#8221;on&#8221; scroll_down_icon=&#8221;%%0%%&#8221; scroll_down_icon_size=&#8221;46px&#8221; button_one_text=&#8221;Les nostres solucions&#8221; button_one_url=&#8221;https:\/\/sqg.es\/ca\/solucions\/&#8221; scroll_down_icon_color_tablet=&#8221;&#8221; scroll_down_icon_color_phone=&#8221;&#8221; scroll_down_icon_color_last_edited=&#8221;on|tablet&#8221; scroll_down_icon_size_tablet=&#8221;&#8221; scroll_down_icon_size_phone=&#8221;0px&#8221; scroll_down_icon_size_last_edited=&#8221;on|phone&#8221; button_one_text_tablet=&#8221;Les nostres solucions&#8221; button_one_text_phone=&#8221;Les nostres solucions&#8221; button_one_text_last_edited=&#8221;on|tablet&#8221; logo_image_url_last_edited=&#8221;off|desktop&#8221; content_tablet=&#8221;<\/p>\n<h1>La nostra llarga experi\u00e8ncia <br \/> en el sector de l\u2019assessoria i del dret<\/h1>\n<p>avalen la qualitat i la responsabilitat <br \/> en el desenvolupament del nostre <br \/> treball i en l\u2019aplicaci\u00f3 de solucions<br \/>  per a la teva empresa.<\/p>\n<p>&#8221; content_phone=&#8221;<\/p>\n<h1>La nostra llarga experi\u00e8ncia en el sector de l\u2019assessoria i del dret<\/h1>\n<p>avalen la qualitat i la responsabilitat  en el desenvolupament del nostre treball i en l\u2019aplicaci\u00f3 de solucions per a la teva empresa.<\/p>\n<p>&#8221; content_last_edited=&#8221;on|phone&#8221; _builder_version=&#8221;4.7.7&#8243; _module_preset=&#8221;default&#8221; title_font=&#8221;IBM Plex Sans|700|||||||&#8221; title_font_size=&#8221;42px&#8221; content_font=&#8221;IBM Plex Sans|300|||||||&#8221; content_text_align=&#8221;left&#8221; content_font_size=&#8221;42px&#8221; content_line_height=&#8221;1.2em&#8221; background_color=&#8221;#002856&#8243; background_image=&#8221;https:\/\/sqg.es\/wp-content\/uploads\/2021\/03\/sqg-abogados-home3.jpg&#8221; custom_button_one=&#8221;on&#8221; button_one_text_size=&#8221;30px&#8221; button_one_text_color=&#8221;#ffffff&#8221; button_one_border_width=&#8221;3px&#8221; button_one_border_color=&#8221;#ffffff&#8221; button_one_font=&#8221;IBM Plex Sans||||||||&#8221; button_one_icon=&#8221;%%3%%&#8221; button_one_icon_color=&#8221;#ffffff&#8221; button_one_custom_margin=&#8221;81px||||false|false&#8221; button_one_custom_margin_tablet=&#8221;30px||||false|false&#8221; button_one_custom_margin_phone=&#8221;20px||||false|false&#8221; button_one_custom_margin_last_edited=&#8221;on|phone&#8221; min_height=&#8221;1321px&#8221; title_font_size_tablet=&#8221;42px&#8221; title_font_size_phone=&#8221;20px&#8221; title_font_size_last_edited=&#8221;on|desktop&#8221; content_font_size_tablet=&#8221;26px&#8221; content_font_size_phone=&#8221;20px&#8221; content_font_size_last_edited=&#8221;on|phone&#8221; background_color_phone=&#8221;#ffffff&#8221; background_last_edited=&#8221;on|phone&#8221; background_enable_color_phone=&#8221;on&#8221; background_image_tablet=&#8221;https:\/\/sqg.es\/wp-content\/uploads\/2021\/03\/sqg-abogados-home1-mobil2.jpg&#8221; background_image_phone=&#8221;https:\/\/sqg.es\/wp-content\/uploads\/2021\/03\/sqg-abogados-home1-mobil2.jpg&#8221; background_enable_image_tablet=&#8221;on&#8221; background_enable_image_phone=&#8221;on&#8221; parallax_tablet=&#8221;off&#8221; parallax_method_tablet=&#8221;on&#8221; background_size_tablet=&#8221;cover&#8221; background_size_phone=&#8221;cover&#8221; background_position_tablet=&#8221;center&#8221; background_repeat_tablet=&#8221;no-repeat&#8221; background_blend_tablet=&#8221;normal&#8221; button_one_text_size_tablet=&#8221;&#8221; button_one_text_size_phone=&#8221;18px&#8221; button_one_text_size_last_edited=&#8221;on|tablet&#8221; background_layout_tablet=&#8221;&#8221; background_layout_phone=&#8221;&#8221; background_layout_last_edited=&#8221;on|desktop&#8221; title_text_phone=&#8221;sqg-abogados-home1-mobil2&#8243; title_text_tablet=&#8221;sqg-abogados-home1-mobil2&#8243;]<\/p>\n<h1>La nostra llarga experi\u00e8ncia <br \/> en el sector de l\u2019assessoria i del dret<\/h1>\n<p>avalen la qualitat i la responsabilitat <br \/> en el desenvolupament del nostre <br \/> treball i en l\u2019aplicaci\u00f3 de solucions<br \/>  per a la teva empresa.<\/p>\n<p>[\/et_pb_fullwidth_header][\/et_pb_section][et_pb_section fb_built=&#8221;1&#8243; custom_padding_last_edited=&#8221;on|desktop&#8221; _builder_version=&#8221;4.7.7&#8243; _module_preset=&#8221;default&#8221; custom_padding=&#8221;||||true|false&#8221; custom_padding_tablet=&#8221;&#8221; custom_padding_phone=&#8221;&#8221;][et_pb_row column_structure=&#8221;1_3,1_3,1_3&#8243; use_custom_gutter=&#8221;on&#8221; gutter_width=&#8221;2&#8243; _builder_version=&#8221;4.7.7&#8243; _module_preset=&#8221;default&#8221; width=&#8221;95%&#8221; min_height=&#8221;auto&#8221; custom_margin=&#8221;||||false|false&#8221; custom_padding=&#8221;3vw||3vw||true|false&#8221;][et_pb_column type=&#8221;1_3&#8243; _builder_version=&#8221;4.7.7&#8243; _module_preset=&#8221;default&#8221;][et_pb_cta title=&#8221;Nosaltres&#8221; button_url=&#8221;https:\/\/sqg.es\/ca\/nosaltres&#8221; button_text=&#8221;Coneix-nos&#8221; _builder_version=&#8221;4.7.7&#8243; _module_preset=&#8221;default&#8221; header_level=&#8221;h1&#8243; header_font=&#8221;IBM Plex Sans|700|||||||&#8221; header_font_size=&#8221;28px&#8221; body_font=&#8221;IBM Plex Sans|300|||||||&#8221; body_font_size=&#8221;20px&#8221; body_line_height=&#8221;1.2em&#8221; background_color=&#8221;#002856&#8243; custom_button=&#8221;on&#8221; button_border_width=&#8221;1px&#8221; button_icon=&#8221;%%3%%&#8221; button_custom_margin=&#8221;2px||||false|false&#8221; text_orientation=&#8221;left&#8221; height_tablet=&#8221;&#8221; height_phone=&#8221;&#8221; height_last_edited=&#8221;on|desktop&#8221; custom_margin=&#8221;||0px||false|false&#8221; header_font_size_tablet=&#8221;&#8221; header_font_size_phone=&#8221;20px&#8221; header_font_size_last_edited=&#8221;on|phone&#8221; body_font_size_tablet=&#8221;&#8221; body_font_size_phone=&#8221;20px&#8221; body_font_size_last_edited=&#8221;on|phone&#8221;]<\/p>\n<p>L\u2019\u00e8tica, l\u2019honestedat i la integritat s\u00f3n els valors que caracteritzen el comportament del nostre equip professional.<\/p>\n<p>[\/et_pb_cta][et_pb_image src=&#8221;https:\/\/sqg.es\/wp-content\/uploads\/2021\/02\/sqg-abogados-home-nosaltres.jpg&#8221; title_text=&#8221;sqg-abogados-home-nosaltres&#8221; _builder_version=&#8221;4.7.7&#8243; _module_preset=&#8221;default&#8221;][\/et_pb_image][\/et_pb_column][et_pb_column type=&#8221;1_3&#8243; _builder_version=&#8221;4.7.7&#8243; _module_preset=&#8221;default&#8221;][et_pb_cta title=&#8221;Equip&#8221; button_url=&#8221;https:\/\/sqg.es\/ca\/equip&#8221; button_text=&#8221;Qui som&#8221; _builder_version=&#8221;4.7.7&#8243; _module_preset=&#8221;default&#8221; header_level=&#8221;h1&#8243; header_font=&#8221;IBM Plex Sans|700|||||||&#8221; header_font_size=&#8221;28px&#8221; body_font=&#8221;IBM Plex Sans|300|||||||&#8221; body_font_size=&#8221;20px&#8221; body_line_height=&#8221;1.2em&#8221; background_color=&#8221;#f4313f&#8221; custom_button=&#8221;on&#8221; button_border_width=&#8221;1px&#8221; button_icon=&#8221;%%3%%&#8221; button_custom_margin=&#8221;2px||||false|false&#8221; text_orientation=&#8221;left&#8221; height_tablet=&#8221;&#8221; height_phone=&#8221;&#8221; height_last_edited=&#8221;on|desktop&#8221; custom_margin=&#8221;||0px||false|false&#8221; header_font_size_tablet=&#8221;&#8221; header_font_size_phone=&#8221;20px&#8221; header_font_size_last_edited=&#8221;on|desktop&#8221; body_font_size_tablet=&#8221;&#8221; body_font_size_phone=&#8221;20px&#8221; body_font_size_last_edited=&#8221;on|phone&#8221;]<\/p>\n<p>La cooperaci\u00f3, el rigor i la confidencialitat s\u00f3n la base de la nostra professionalitat. La proximitat i la confian\u00e7a s\u00f3n els pilars de la nostra relaci\u00f3.<\/p>\n<p>[\/et_pb_cta][et_pb_image src=&#8221;https:\/\/sqg.es\/wp-content\/uploads\/2021\/02\/sqg-abogados-home-equip.jpg&#8221; title_text=&#8221;sqg-abogados-home-equip&#8221; _builder_version=&#8221;4.7.7&#8243; _module_preset=&#8221;default&#8221;][\/et_pb_image][\/et_pb_column][et_pb_column type=&#8221;1_3&#8243; _builder_version=&#8221;4.7.7&#8243; _module_preset=&#8221;default&#8221;][et_pb_cta title=&#8221;Covid-19&#8243; button_url=&#8221;https:\/\/sqg.es\/ca\/contacte&#8221; button_text=&#8221;Contacta\u2019ns&#8221; _builder_version=&#8221;4.7.7&#8243; _module_preset=&#8221;default&#8221; header_level=&#8221;h1&#8243; header_font=&#8221;IBM Plex Sans|700|||||||&#8221; header_font_size=&#8221;28px&#8221; body_font=&#8221;IBM Plex Sans|300|||||||&#8221; body_font_size=&#8221;20px&#8221; body_line_height=&#8221;1.2em&#8221; background_color=&#8221;#8f8f8f&#8221; custom_button=&#8221;on&#8221; button_border_width=&#8221;1px&#8221; button_icon=&#8221;%%3%%&#8221; button_custom_margin=&#8221;2px||||false|false&#8221; text_orientation=&#8221;left&#8221; height_tablet=&#8221;&#8221; height_phone=&#8221;&#8221; height_last_edited=&#8221;on|desktop&#8221; custom_margin=&#8221;||0px||false|false&#8221; header_font_size_tablet=&#8221;&#8221; header_font_size_phone=&#8221;20px&#8221; header_font_size_last_edited=&#8221;on|desktop&#8221; body_font_size_tablet=&#8221;&#8221; body_font_size_phone=&#8221;20px&#8221; body_font_size_last_edited=&#8221;on|phone&#8221;]<\/p>\n<p>Apliquem mesures gen\u00e8riques de protecci\u00f3 i de seguretat per prevenir el virus de la COVID-19: mans, dist\u00e0ncia i mascareta.<\/p>\n<p>[\/et_pb_cta][et_pb_image src=&#8221;https:\/\/sqg.es\/wp-content\/uploads\/2021\/02\/sqg-abogados-home-covid.jpg&#8221; title_text=&#8221;sqg-abogados-home-covid&#8221; _builder_version=&#8221;4.7.7&#8243; _module_preset=&#8221;default&#8221;][\/et_pb_image][\/et_pb_column][\/et_pb_row][\/et_pb_section][et_pb_section fb_built=&#8221;1&#8243; custom_padding_last_edited=&#8221;on|phone&#8221; _builder_version=&#8221;4.7.7&#8243; _module_preset=&#8221;default&#8221; background_color=&#8221;rgba(137,138,141,0.2)&#8221; custom_padding=&#8221;||||false|false&#8221; custom_padding_tablet=&#8221;&#8221; custom_padding_phone=&#8221;&#8221;][et_pb_row custom_padding_last_edited=&#8221;on|desktop&#8221; _builder_version=&#8221;4.7.7&#8243; _module_preset=&#8221;default&#8221; custom_padding=&#8221;6vw||0vw||false|false&#8221; custom_padding_tablet=&#8221;6vw||6vw||true|false&#8221; custom_padding_phone=&#8221;&#8221;][et_pb_column type=&#8221;4_4&#8243; _builder_version=&#8221;4.7.7&#8243; _module_preset=&#8221;default&#8221;][et_pb_text content_tablet=&#8221;<\/p>\n<h1>Treballem els valors des de la transversalitat<\/h1>\n<p>La nostra experi\u00e8ncia de quaranta anys ens avala com a professionals de l\u2019assessoria i del dret. El segell de qualitat de les nostres accions inclou la confian\u00e7a, la millora cont\u00ednua i la transversalitat dels valors \u00e8tics i professionals.<\/p>\n<p>&#8221; content_phone=&#8221;<\/p>\n<h1>Treballem els valors des de la transversalitat<\/h1>\n<p>La nostra experi\u00e8ncia de quaranta anys ens avala com a professionals de l\u2019assessoria i del dret. El segell de qualitat de les nostres accions inclou la confian\u00e7a, la millora cont\u00ednua i la transversalitat dels valors \u00e8tics i professionals.<\/p>\n<p>&#8221; content_last_edited=&#8221;on|phone&#8221; _builder_version=&#8221;4.7.7&#8243; _module_preset=&#8221;default&#8221; text_font=&#8221;IBM Plex Sans|300|||||||&#8221; text_text_color=&#8221;#002856&#8243; text_font_size=&#8221;20px&#8221; text_line_height=&#8221;1.2em&#8221; header_font=&#8221;IBM Plex Sans|700|||||||&#8221; header_text_align=&#8221;center&#8221; header_text_color=&#8221;#002856&#8243; header_font_size=&#8221;28px&#8221; text_orientation=&#8221;center&#8221; custom_margin=&#8221;0px||||false|false&#8221; custom_margin_tablet=&#8221;0px|||0px|false|false&#8221; custom_margin_phone=&#8221;0px||0px||false|false&#8221; custom_margin_last_edited=&#8221;on|desktop&#8221; text_font_size_tablet=&#8221;&#8221; text_font_size_phone=&#8221;20px&#8221; text_font_size_last_edited=&#8221;on|phone&#8221; header_font_size_tablet=&#8221;&#8221; header_font_size_phone=&#8221;20px&#8221; header_font_size_last_edited=&#8221;on|desktop&#8221;]<\/p>\n<h1>Treballem els valors des de la transversalitat<\/h1>\n<p>La nostra experi\u00e8ncia de quaranta anys ens avala com a professionals de l\u2019assessoria i del dret. El segell de qualitat de les nostres accions inclou la confian\u00e7a, la millora cont\u00ednua i la transversalitat dels valors \u00e8tics i professionals.<\/p>\n<p>[\/et_pb_text][\/et_pb_column][\/et_pb_row][et_pb_row use_custom_gutter=&#8221;on&#8221; gutter_width=&#8221;2&#8243; disabled_on=&#8221;off|off|off&#8221; module_class=&#8221;siete-columnas&#8221; _builder_version=&#8221;4.7.7&#8243; _module_preset=&#8221;default&#8221; width=&#8221;95%&#8221; custom_margin=&#8221;||||false|false&#8221; custom_padding=&#8221;3vw||3vw||true|false&#8221;][et_pb_column type=&#8221;4_4&#8243; _builder_version=&#8221;4.7.7&#8243; _module_preset=&#8221;default&#8221;][et_pb_blurb title=&#8221;Confian\u00e7a&#8221; image=&#8221;https:\/\/sqg.es\/wp-content\/uploads\/2021\/03\/sqg-abogados-home-confianza.png&#8221; image_tablet=&#8221;https:\/\/sqg.es\/wp-content\/uploads\/2021\/03\/sqg-abogados-home-confianza.png&#8221; image_phone=&#8221;https:\/\/sqg.es\/wp-content\/uploads\/2021\/03\/sqg-abogados-home-confianza.png&#8221; image_last_edited=&#8221;on|phone&#8221; _builder_version=&#8221;4.7.7&#8243; _module_preset=&#8221;default&#8221; header_font_size=&#8221;18px&#8221; animation=&#8221;off&#8221; header_font_size_tablet=&#8221;22px&#8221; header_font_size_phone=&#8221;18px&#8221; header_font_size_last_edited=&#8221;on|desktop&#8221; body_font_size_tablet=&#8221;&#8221; body_font_size_phone=&#8221;&#8221; body_font_size_last_edited=&#8221;on|desktop&#8221;][\/et_pb_blurb][et_pb_blurb title=&#8221;Proximitat&#8221; image=&#8221;https:\/\/sqg.es\/wp-content\/uploads\/2021\/02\/sqg-abogados-home-proximitat.png&#8221; _builder_version=&#8221;4.7.7&#8243; _module_preset=&#8221;default&#8221; header_font_size=&#8221;18px&#8221; animation=&#8221;off&#8221; header_font_size_tablet=&#8221;22px&#8221; header_font_size_phone=&#8221;18px&#8221; header_font_size_last_edited=&#8221;on|desktop&#8221; body_font_size_tablet=&#8221;&#8221; body_font_size_phone=&#8221;&#8221; body_font_size_last_edited=&#8221;on|desktop&#8221;][\/et_pb_blurb][et_pb_blurb title=&#8221;Rigorositat&#8221; image=&#8221;https:\/\/sqg.es\/wp-content\/uploads\/2021\/02\/sqg-abogados-home-rigorositat.png&#8221; _builder_version=&#8221;4.7.7&#8243; _module_preset=&#8221;default&#8221; header_font_size=&#8221;18px&#8221; animation=&#8221;off&#8221; header_font_size_tablet=&#8221;22px&#8221; header_font_size_phone=&#8221;18px&#8221; header_font_size_last_edited=&#8221;on|desktop&#8221; body_font_size_tablet=&#8221;&#8221; body_font_size_phone=&#8221;&#8221; body_font_size_last_edited=&#8221;on|desktop&#8221;][\/et_pb_blurb][et_pb_blurb title=&#8221;\u00c8tica&#8221; image=&#8221;https:\/\/sqg.es\/wp-content\/uploads\/2021\/02\/sqg-abogados-home-etica.png&#8221; _builder_version=&#8221;4.7.7&#8243; _module_preset=&#8221;default&#8221; header_font_size=&#8221;18px&#8221; animation=&#8221;off&#8221; header_font_size_tablet=&#8221;22px&#8221; header_font_size_phone=&#8221;18px&#8221; header_font_size_last_edited=&#8221;on|desktop&#8221; body_font_size_tablet=&#8221;&#8221; body_font_size_phone=&#8221;&#8221; body_font_size_last_edited=&#8221;on|desktop&#8221;][\/et_pb_blurb][et_pb_blurb title=&#8221;Confidencialitat&#8221; image=&#8221;https:\/\/sqg.es\/wp-content\/uploads\/2021\/02\/sqg-abogados-home-confidencialitat.png&#8221; _builder_version=&#8221;4.7.7&#8243; _module_preset=&#8221;default&#8221; header_font_size=&#8221;18px&#8221; animation=&#8221;off&#8221; header_font_size_tablet=&#8221;22px&#8221; header_font_size_phone=&#8221;18px&#8221; header_font_size_last_edited=&#8221;on|desktop&#8221; body_font_size_tablet=&#8221;&#8221; body_font_size_phone=&#8221;&#8221; body_font_size_last_edited=&#8221;on|desktop&#8221;][\/et_pb_blurb][et_pb_blurb title=&#8221;Salut&#8221; image=&#8221;https:\/\/sqg.es\/wp-content\/uploads\/2021\/02\/sqg-abogados-home-salut.png&#8221; _builder_version=&#8221;4.7.7&#8243; _module_preset=&#8221;default&#8221; header_font_size=&#8221;18px&#8221; animation=&#8221;off&#8221; header_font_size_tablet=&#8221;22px&#8221; header_font_size_phone=&#8221;18px&#8221; header_font_size_last_edited=&#8221;on|desktop&#8221; body_font_size_tablet=&#8221;&#8221; body_font_size_phone=&#8221;&#8221; body_font_size_last_edited=&#8221;on|desktop&#8221;][\/et_pb_blurb][et_pb_blurb title=&#8221;Professionalitat&#8221; image=&#8221;https:\/\/sqg.es\/wp-content\/uploads\/2021\/02\/sqg-abogados-home-professionalitat.png&#8221; _builder_version=&#8221;4.7.7&#8243; _module_preset=&#8221;default&#8221; header_font_size=&#8221;18px&#8221; animation=&#8221;off&#8221; header_font_size_tablet=&#8221;22px&#8221; header_font_size_phone=&#8221;18px&#8221; header_font_size_last_edited=&#8221;on|desktop&#8221; body_font_size_tablet=&#8221;&#8221; body_font_size_phone=&#8221;&#8221; body_font_size_last_edited=&#8221;on|desktop&#8221;][\/et_pb_blurb][\/et_pb_column][\/et_pb_row][et_pb_row custom_padding_last_edited=&#8221;on|phone&#8221; _builder_version=&#8221;4.7.7&#8243; _module_preset=&#8221;default&#8221; custom_padding=&#8221;0vw||0vw||false|false&#8221; custom_padding_tablet=&#8221;&#8221; custom_padding_phone=&#8221;6vw||||false|false&#8221; locked=&#8221;off&#8221;][et_pb_column type=&#8221;4_4&#8243; _builder_version=&#8221;4.7.7&#8243; _module_preset=&#8221;default&#8221;][et_pb_button button_url=&#8221;https:\/\/sqg.es\/ca\/nosaltres\/&#8221; button_text=&#8221;Nosaltres&#8221; button_alignment=&#8221;center&#8221; _builder_version=&#8221;4.7.7&#8243; _module_preset=&#8221;default&#8221; custom_button=&#8221;on&#8221; button_text_size=&#8221;25px&#8221; button_font=&#8221;IBM Plex Sans||||||||&#8221; button_icon=&#8221;%%3%%&#8221; button_text_size_tablet=&#8221;&#8221; button_text_size_phone=&#8221;24px&#8221; button_text_size_last_edited=&#8221;on|phone&#8221;][\/et_pb_button][\/et_pb_column][\/et_pb_row][\/et_pb_section][et_pb_section fb_built=&#8221;1&#8243; custom_padding_last_edited=&#8221;on|phone&#8221; _builder_version=&#8221;4.7.7&#8243; _module_preset=&#8221;default&#8221; custom_padding=&#8221;||||false|false&#8221; custom_padding_tablet=&#8221;&#8221; custom_padding_phone=&#8221;&#8221;][et_pb_row custom_padding_last_edited=&#8221;on|tablet&#8221; _builder_version=&#8221;4.7.7&#8243; _module_preset=&#8221;default&#8221; custom_margin_tablet=&#8221;&#8221; custom_margin_phone=&#8221;&#8221; custom_margin_last_edited=&#8221;on|desktop&#8221; custom_padding_tablet=&#8221;&#8221; custom_padding_phone=&#8221;&#8221; overflow-x_tablet=&#8221;&#8221; overflow-x_phone=&#8221;&#8221; overflow-x_last_edited=&#8221;on|tablet&#8221;][et_pb_column type=&#8221;4_4&#8243; _builder_version=&#8221;4.7.7&#8243; _module_preset=&#8221;default&#8221;][et_pb_code _builder_version=&#8221;4.7.7&#8243; _module_preset=&#8221;default&#8221;]<!-- Llamada a javascript de Clientlink' --><!-- [et_pb_line_break_holder] --><!-- [et_pb_line_break_holder] --><script src=\"https:\/\/repository.clientlink.es\/assets\/js\/script_iframe.js\"><\/script><!-- [et_pb_line_break_holder] --><!-- [et_pb_line_break_holder] --><!-- Llamadas iframe de ClientLink ' --><!-- [et_pb_line_break_holder] --><!-- [et_pb_line_break_holder] --><iframe loading=\"lazy\" width=\"100%\" height=\"100%\" frameborder=\"0\" id=\"bcw_iframe\"  scroll-top=\"no\" src=\"https:\/\/sqg.clientlink.es\" instance=\"es\"  lang=\"ca\"><!-- [et_pb_line_break_holder] --><\/iframe><!-- [et_pb_line_break_holder] -->[\/et_pb_code][\/et_pb_column][\/et_pb_row][\/et_pb_section][et_pb_section fb_built=&#8221;1&#8243; custom_padding_last_edited=&#8221;on|phone&#8221; _builder_version=&#8221;4.7.7&#8243; _module_preset=&#8221;default&#8221; background_color=&#8221;rgba(137,138,141,0.2)&#8221; width=&#8221;100%&#8221; custom_margin=&#8221;||||false|false&#8221; custom_padding=&#8221;6vw||6vw||true|false&#8221; custom_padding_tablet=&#8221;&#8221; custom_padding_phone=&#8221;12vw||12vw||true|false&#8221;][et_pb_row custom_padding_last_edited=&#8221;on|tablet&#8221; _builder_version=&#8221;4.7.7&#8243; _module_preset=&#8221;default&#8221; custom_margin=&#8221;||||false|false&#8221; custom_margin_phone=&#8221;||0px||false|false&#8221; custom_padding=&#8221;3vw||0vw||false|false&#8221; custom_padding_tablet=&#8221;&#8221; custom_padding_phone=&#8221;&#8221;][et_pb_column type=&#8221;4_4&#8243; _builder_version=&#8221;4.7.7&#8243; _module_preset=&#8221;default&#8221;][et_pb_text content_tablet=&#8221;&#8221; content_phone=&#8221;&#8221; content_last_edited=&#8221;on|phone&#8221; _builder_version=&#8221;4.7.7&#8243; _module_preset=&#8221;default&#8221; text_font=&#8221;IBM Plex Sans|300|||||||&#8221; text_text_color=&#8221;#002856&#8243; text_font_size=&#8221;26px&#8221; text_line_height=&#8221;1.2em&#8221; header_font=&#8221;IBM Plex Sans|700|||||||&#8221; header_text_align=&#8221;center&#8221; header_text_color=&#8221;#002856&#8243; header_font_size=&#8221;28px&#8221; header_font_size_tablet=&#8221;&#8221; header_font_size_phone=&#8221;20px&#8221; header_font_size_last_edited=&#8221;on|desktop&#8221;]<\/p>\n<h1>Un equip especialitzat i efica\u00e7<\/h1>\n<p>[\/et_pb_text][\/et_pb_column][\/et_pb_row][et_pb_row column_structure=&#8221;1_2,1_2&#8243; _builder_version=&#8221;4.7.7&#8243; _module_preset=&#8221;default&#8221; max_width=&#8221;980px&#8221; max_width_tablet=&#8221;&#8221; max_width_phone=&#8221;&#8221; max_width_last_edited=&#8221;on|phone&#8221; custom_margin_tablet=&#8221;&#8221; custom_margin_phone=&#8221;0px||0px||false|false&#8221; custom_margin_last_edited=&#8221;on|desktop&#8221; custom_padding=&#8221;3vw||3vw||true|false&#8221;][et_pb_column type=&#8221;1_2&#8243; _builder_version=&#8221;4.7.7&#8243; _module_preset=&#8221;default&#8221;][et_pb_number_counter title=&#8221;anys d&#8217;experi\u00e8ncia&#8221; number=&#8221;+40&#8243; percent_sign=&#8221;off&#8221; _builder_version=&#8221;4.7.7&#8243; _module_preset=&#8221;default&#8221; title_level=&#8221;h1&#8243; title_font=&#8221;||||||||&#8221; title_text_color=&#8221;#002856&#8243; title_font_size=&#8221;28px&#8221; number_font_size=&#8221;95px&#8221; number_line_height=&#8221;30px&#8221; custom_margin_tablet=&#8221;&#8221; custom_margin_phone=&#8221;||40px||false|false&#8221; custom_margin_last_edited=&#8221;on|phone&#8221; title_font_size_tablet=&#8221;&#8221; title_font_size_phone=&#8221;&#8221; title_font_size_last_edited=&#8221;on|phone&#8221; number_font_size_tablet=&#8221;&#8221; number_font_size_phone=&#8221;75px&#8221; number_font_size_last_edited=&#8221;on|tablet&#8221;][\/et_pb_number_counter][\/et_pb_column][et_pb_column type=&#8221;1_2&#8243; _builder_version=&#8221;4.7.7&#8243; _module_preset=&#8221;default&#8221;][et_pb_number_counter title=&#8221;clients&#8221; number=&#8221;+300&#8243; percent_sign=&#8221;off&#8221; _builder_version=&#8221;4.7.7&#8243; _module_preset=&#8221;default&#8221; title_level=&#8221;h1&#8243; title_font=&#8221;||||||||&#8221; title_text_color=&#8221;#002856&#8243; title_font_size=&#8221;28px&#8221; number_font_size=&#8221;95px&#8221; number_line_height=&#8221;30px&#8221; title_font_size_tablet=&#8221;&#8221; title_font_size_phone=&#8221;&#8221; title_font_size_last_edited=&#8221;on|phone&#8221; number_font_size_tablet=&#8221;&#8221; number_font_size_phone=&#8221;75px&#8221; number_font_size_last_edited=&#8221;on|tablet&#8221;][\/et_pb_number_counter][\/et_pb_column][\/et_pb_row][\/et_pb_section]<\/p>\n","protected":false},"excerpt":{"rendered":"<p>[et_pb_section fb_built=&#8221;1&#8243; fullwidth=&#8221;on&#8221; custom_padding_last_edited=&#8221;on|desktop&#8221; _builder_version=&#8221;4.7.7&#8243; _module_preset=&#8221;default&#8221; background_color=&#8221;#ffffff&#8221; custom_padding=&#8221;||0vw||false|false&#8221; custom_padding_tablet=&#8221;||6vw||false|false&#8221; custom_padding_phone=&#8221;||6vw||false|false&#8221;][et_pb_fullwidth_header header_fullscreen=&#8221;on&#8221; header_scroll_down=&#8221;on&#8221; scroll_down_icon=&#8221;%%0%%&#8221; scroll_down_icon_size=&#8221;46px&#8221; button_one_text=&#8221;Les nostres solucions&#8221; button_one_url=&#8221;https:\/\/sqg.es\/ca\/solucions\/&#8221; scroll_down_icon_color_tablet=&#8221;&#8221; scroll_down_icon_color_phone=&#8221;&#8221; scroll_down_icon_color_last_edited=&#8221;on|tablet&#8221; scroll_down_icon_size_tablet=&#8221;&#8221; scroll_down_icon_size_phone=&#8221;0px&#8221; scroll_down_icon_size_last_edited=&#8221;on|phone&#8221; button_one_text_tablet=&#8221;Les nostres solucions&#8221; button_one_text_phone=&#8221;Les nostres solucions&#8221; button_one_text_last_edited=&#8221;on|tablet&#8221; logo_image_url_last_edited=&#8221;off|desktop&#8221; content_tablet=&#8221; La nostra llarga experi\u00e8ncia en el sector de l\u2019assessoria i del dret avalen la qualitat i la responsabilitat en el desenvolupament del [&hellip;]<\/p>\n","protected":false},"author":1,"featured_media":0,"parent":0,"menu_order":0,"comment_status":"closed","ping_status":"closed","template":"","meta":{"_et_pb_use_builder":"on","_et_pb_old_content":"","_et_gb_content_width":"","footnotes":""},"class_list":["post-6","page","type-page","status-publish","hentry"],"_links":{"self":[{"href":"https:\/\/sqg.es\/ca\/wp-json\/wp\/v2\/pages\/6","targetHints":{"allow":["GET"]}}],"collection":[{"href":"https:\/\/sqg.es\/ca\/wp-json\/wp\/v2\/pages"}],"about":[{"href":"https:\/\/sqg.es\/ca\/wp-json\/wp\/v2\/types\/page"}],"author":[{"embeddable":true,"href":"https:\/\/sqg.es\/ca\/wp-json\/wp\/v2\/users\/1"}],"replies":[{"embeddable":true,"href":"https:\/\/sqg.es\/ca\/wp-json\/wp\/v2\/comments?post=6"}],"version-history":[{"count":0,"href":"https:\/\/sqg.es\/ca\/wp-json\/wp\/v2\/pages\/6\/revisions"}],"wp:attachment":[{"href":"https:\/\/sqg.es\/ca\/wp-json\/wp\/v2\/media?parent=6"}],"curies":[{"name":"wp","href":"https:\/\/api.w.org\/{rel}","templated":true}]}}