{"id":463,"date":"2021-02-19T11:23:00","date_gmt":"2021-02-19T11:23:00","guid":{"rendered":"https:\/\/sqg.es\/?page_id=463"},"modified":"2021-03-14T21:24:45","modified_gmt":"2021-03-14T21:24:45","slug":"avis-legal","status":"publish","type":"page","link":"https:\/\/sqg.es\/ca\/avis-legal\/","title":{"rendered":"Av\u00eds Legal"},"content":{"rendered":"<p>[et_pb_section fb_built=&#8221;1&#8243; _builder_version=&#8221;4.7.7&#8243; _module_preset=&#8221;default&#8221; background_color=&#8221;#f9f9f9&#8243;][et_pb_row _builder_version=&#8221;4.7.7&#8243; _module_preset=&#8221;default&#8221; width=&#8221;50%&#8221;][et_pb_column type=&#8221;4_4&#8243; _builder_version=&#8221;4.7.7&#8243; _module_preset=&#8221;default&#8221;][et_pb_text _builder_version=&#8221;4.7.7&#8243; _module_preset=&#8221;default&#8221; text_font=&#8221;IBM Plex Sans|300|||||||&#8221; text_line_height=&#8221;1.3em&#8221; header_font=&#8221;IBM Plex Sans||||||||&#8221; header_font_size=&#8221;35px&#8221; header_2_font_size=&#8221;25px&#8221; custom_margin=&#8221;0px||||false|false&#8221; custom_margin_tablet=&#8221;0px|||0px|false|false&#8221; custom_margin_phone=&#8221;0px||0px||true|false&#8221; text_font_size_tablet=&#8221;&#8221; text_font_size_phone=&#8221;16px&#8221; text_font_size_last_edited=&#8221;on|phone&#8221; header_font_size_phone=&#8221;26px&#8221; header_2_font_size_tablet=&#8221;&#8221; header_2_font_size_phone=&#8221;18px&#8221; header_2_font_size_last_edited=&#8221;on|phone&#8221; locked=&#8221;off&#8221;]<\/p>\n<h1>Av\u00eds Legal<\/h1>\n<p>El present \u00e9s un av\u00eds legal d&#8217;obligada visualitzaci\u00f3 que regula les condicions d&#8217;\u00fas que han de ser observades i acatades pels usuaris d&#8217;aquest lloc web. Li preguem que el llegeixi atentament ja que el fet d&#8217;accedir a aquest implica que V\u00e8. Ha llegit i accepta sense cap reserva les condicions que segueixen.<\/p>\n<p>&nbsp;<\/p>\n<h2>1. Condicions d&#8217;\u00fas del web site<\/h2>\n<p>L&#8217;usuari es compromet a fer un \u00fas diligent de el web site i dels serveis accessibles des del mateix ia no utilitzar els serveis o informacions continguts en el web site per desenvolupar activitats contr\u00e0ries a les lleis, a la moral i als bons costums, als l&#8217;ordre p\u00fablic i, en general, a fer un \u00fas conforme a aquest av\u00eds legal.<\/p>\n<p>Per a l&#8217;\u00fas de determinats serveis, l&#8217;usuari haur\u00e0 de formular una sol\u00b7licitud pr\u00e8via, seleccionant l&#8217;identificador (ID o login) i la contrasenya, personal i intransferible, que l&#8217;usuari es compromet a conservar ia usar amb la dilig\u00e8ncia deguda, amb completa indemnitat per Sentis Quintana Asociados S.L. (Des d&#8217;ara SQG) pel que fa a l&#8217;\u00fas que es realitzi d&#8217;aquesta contrasenya.<\/p>\n<p>SQG podr\u00e0 interrompre temporal o definitivament, segons el seu bon criteri, l&#8217;acc\u00e9s a l&#8217;lloc web, aix\u00ed com la prestaci\u00f3 de qualsevol o de tots els serveis que es presten a trav\u00e9s de la mateixa en qualsevol moment i sense previ av\u00eds.<\/p>\n<p>&nbsp;<\/p>\n<h2>2. Drets de Propietat Intel\u00b7lectual<\/h2>\n<p>SQG \u00e9s titular (o els seus llicenciants, en cas d&#8217;existir) dels drets de Propietat Intel\u00b7lectual i Industrial de la totalitat dels continguts d&#8217;aquest lloc web. En qualsevol cas, SQG disposa de la corresponent autoritzaci\u00f3 per donar l&#8217;\u00fas que cregui convenient als seus continguts.<\/p>\n<p>Queda terminantment prohibida la reproducci\u00f3, excepte per a \u00fas privat, la posada a disposici\u00f3 de el p\u00fablic i en general qualsevol altra forma d&#8217;explotaci\u00f3 de tot o part dels continguts d&#8217;aquest lloc web, aix\u00ed com del seu disseny. Aquests actes d&#8217;explotaci\u00f3 nom\u00e9s podran ser realitzats si mitja l&#8217;autoritzaci\u00f3 expressa de SQG i sempre que es faci refer\u00e8ncia expl\u00edcita a la titularitat d&#8217;aquesta en quant als indicats drets de propietat intel\u00b7lectual. En aquest sentit aquelles persones que desitgin establir un &#8216;link&#8217; o hiperenlla\u00e7 entre la seva p\u00e0gina web i aquest lloc web hauran de demanar l&#8217;autoritzaci\u00f3 expressa i per escrit de SQG, sense que aix\u00f2 impliqui una relaci\u00f3 entre SQG i el titular de la p\u00e0gina en la qual s&#8217;estableixi el &#8216;link&#8217;, ni l&#8217;aprovaci\u00f3 o acceptaci\u00f3 per part de SQG dels seus continguts o serveis.<\/p>\n<p>Queda terminantment prohibit realitzar, sense el previ consentiment de SQG, qualsevol manipulaci\u00f3 o alteraci\u00f3 d&#8217;aquest lloc web. Conseq\u00fcentment, SQG no assumir\u00e0 cap responsabilitat derivada, o que pogu\u00e9s derivar-se, d&#8217;aquesta alteraci\u00f3 o manipulaci\u00f3 per tercers.<\/p>\n<p>&nbsp;<\/p>\n<h2>3. Limitaci\u00f3 de la responsabilitat<\/h2>\n<p>Tot i prendre totes les precaucions necess\u00e0ries per proporcionar-li en el nostre lloc informacions actuals i exactes, SQG no pot garantir el rigor ni l&#8217;actualitat de tota la informaci\u00f3 facilitada, ni la inexist\u00e8ncia d&#8217;errors o omissions, havent de ser vost\u00e8 conscient que la informaci\u00f3 a la qual t\u00e9 acc\u00e9s \u00e9s subministrada en les condicions detallades en el present av\u00eds legal, sense cap garantia que les mateixes siguin exactes i actualitzades.<\/p>\n<p>&nbsp;<\/p>\n<h2>4.- Informaci\u00f3 de conformitat amb la LSSI<\/h2>\n<p>A l&#8217;efecte de l&#8217;art. 10 de la Llei 34\/2002, de 11 de juliol, de serveis de la societat de la informaci\u00f3 i de comer\u00e7 electr\u00f2nic, s&#8217;informa als usuaris de la p\u00e0gina web que el titular de l&#8217;lloc web \u00e9s la societat Sentis Quintana Asociados S.L. (correu electr\u00f2nic: info@sgq.es) amb domicili social a (c \/ Pi i Margall 2 1\u00ba, 08840 Viladecans, Barcelona), amb CIF n\u00fam. B59953075.<\/p>\n<p>[\/et_pb_text][\/et_pb_column][\/et_pb_row][\/et_pb_section]<\/p>\n","protected":false},"excerpt":{"rendered":"<p>[et_pb_section fb_built=&#8221;1&#8243; _builder_version=&#8221;4.7.7&#8243; _module_preset=&#8221;default&#8221; background_color=&#8221;#f9f9f9&#8243;][et_pb_row _builder_version=&#8221;4.7.7&#8243; _module_preset=&#8221;default&#8221; width=&#8221;50%&#8221;][et_pb_column type=&#8221;4_4&#8243; _builder_version=&#8221;4.7.7&#8243; _module_preset=&#8221;default&#8221;][et_pb_text _builder_version=&#8221;4.7.7&#8243; _module_preset=&#8221;default&#8221; text_font=&#8221;IBM Plex Sans|300|||||||&#8221; text_line_height=&#8221;1.3em&#8221; header_font=&#8221;IBM Plex Sans||||||||&#8221; header_font_size=&#8221;35px&#8221; header_2_font_size=&#8221;25px&#8221; custom_margin=&#8221;0px||||false|false&#8221; custom_margin_tablet=&#8221;0px|||0px|false|false&#8221; custom_margin_phone=&#8221;0px||0px||true|false&#8221; text_font_size_tablet=&#8221;&#8221; text_font_size_phone=&#8221;16px&#8221; text_font_size_last_edited=&#8221;on|phone&#8221; header_font_size_phone=&#8221;26px&#8221; header_2_font_size_tablet=&#8221;&#8221; header_2_font_size_phone=&#8221;18px&#8221; header_2_font_size_last_edited=&#8221;on|phone&#8221; locked=&#8221;off&#8221;] Av\u00eds Legal El present \u00e9s un av\u00eds legal d&#8217;obligada visualitzaci\u00f3 que regula les condicions d&#8217;\u00fas que han de ser observades i acatades [&hellip;]<\/p>\n","protected":false},"author":1,"featured_media":0,"parent":0,"menu_order":0,"comment_status":"closed","ping_status":"closed","template":"","meta":{"_et_pb_use_builder":"on","_et_pb_old_content":"","_et_gb_content_width":"","footnotes":""},"class_list":["post-463","page","type-page","status-publish","hentry"],"_links":{"self":[{"href":"https:\/\/sqg.es\/ca\/wp-json\/wp\/v2\/pages\/463","targetHints":{"allow":["GET"]}}],"collection":[{"href":"https:\/\/sqg.es\/ca\/wp-json\/wp\/v2\/pages"}],"about":[{"href":"https:\/\/sqg.es\/ca\/wp-json\/wp\/v2\/types\/page"}],"author":[{"embeddable":true,"href":"https:\/\/sqg.es\/ca\/wp-json\/wp\/v2\/users\/1"}],"replies":[{"embeddable":true,"href":"https:\/\/sqg.es\/ca\/wp-json\/wp\/v2\/comments?post=463"}],"version-history":[{"count":0,"href":"https:\/\/sqg.es\/ca\/wp-json\/wp\/v2\/pages\/463\/revisions"}],"wp:attachment":[{"href":"https:\/\/sqg.es\/ca\/wp-json\/wp\/v2\/media?parent=463"}],"curies":[{"name":"wp","href":"https:\/\/api.w.org\/{rel}","templated":true}]}}