{"id":21,"date":"2021-02-17T08:10:28","date_gmt":"2021-02-17T08:10:28","guid":{"rendered":"https:\/\/sqg.es\/?page_id=21"},"modified":"2021-03-15T13:20:19","modified_gmt":"2021-03-15T13:20:19","slug":"uneix-te","status":"publish","type":"page","link":"https:\/\/sqg.es\/ca\/uneix-te\/","title":{"rendered":"UNEIX-TE"},"content":{"rendered":"<p>[et_pb_section fb_built=&#8221;1&#8243; _builder_version=&#8221;4.7.7&#8243; _module_preset=&#8221;default&#8221;][et_pb_row _builder_version=&#8221;4.7.7&#8243; _module_preset=&#8221;default&#8221; width_tablet=&#8221;&#8221; width_phone=&#8221;&#8221; width_last_edited=&#8221;on|tablet&#8221; min_height=&#8221;0px&#8221; custom_margin=&#8221;0px||0px||true|false&#8221; custom_padding=&#8221;||6vw||false|false&#8221; locked=&#8221;off&#8221;][et_pb_column type=&#8221;4_4&#8243; _builder_version=&#8221;4.7.7&#8243; _module_preset=&#8221;default&#8221;][et_pb_text _builder_version=&#8221;4.7.7&#8243; _module_preset=&#8221;default&#8221; header_font=&#8221;IBM Plex Sans|700|||||||&#8221; header_text_align=&#8221;center&#8221; header_text_color=&#8221;#002856&#8243; custom_margin_tablet=&#8221;&#8221; custom_margin_phone=&#8221;&#8221; custom_margin_last_edited=&#8221;on|desktop&#8221; locked=&#8221;off&#8221;]<\/p>\n<h1>Uneix-te<\/h1>\n<p>[\/et_pb_text][\/et_pb_column][\/et_pb_row][et_pb_row column_structure=&#8221;1_2,1_2&#8243; use_custom_gutter=&#8221;on&#8221; gutter_width=&#8221;1&#8243; custom_padding_last_edited=&#8221;on|desktop&#8221; module_class=&#8221;.altura_columnas&#8221; _builder_version=&#8221;4.7.7&#8243; _module_preset=&#8221;default&#8221; min_height=&#8221;auto&#8221; custom_margin=&#8221;||||false|false&#8221; custom_margin_phone=&#8221;||0px||false|false&#8221; custom_padding=&#8221;0vw|0px|6vw|0px|false|false&#8221; custom_padding_tablet=&#8221;&#8221; custom_padding_phone=&#8221;6vw||6vw||true|false&#8221; hover_enabled=&#8221;0&#8243; module_alignment_tablet=&#8221;&#8221; module_alignment_phone=&#8221;&#8221; module_alignment_last_edited=&#8221;on|desktop&#8221; locked=&#8221;off&#8221; sticky_enabled=&#8221;0&#8243;][et_pb_column type=&#8221;1_2&#8243; _builder_version=&#8221;4.7.7&#8243; _module_preset=&#8221;default&#8221; hover_enabled=&#8221;0&#8243; custom_css_main_element=&#8221;display: flex;||flex-direction: column;||justify-content: center;||&#8221; sticky_enabled=&#8221;0&#8243;][et_pb_text _builder_version=&#8221;4.7.7&#8243; _module_preset=&#8221;default&#8221; text_font=&#8221;IBM Plex Sans|300|||||||&#8221; text_text_color=&#8221;#ffffff&#8221; text_font_size=&#8221;20px&#8221; text_line_height=&#8221;1.1em&#8221; header_font=&#8221;IBM Plex Sans||||||||&#8221; header_text_color=&#8221;#ffffff&#8221; header_font_size=&#8221;28px&#8221; background_color=&#8221;#002856&#8243; custom_margin=&#8221;0px||||false|false&#8221; custom_margin_tablet=&#8221;0px|||0px|false|false&#8221; custom_margin_phone=&#8221;0px||0px||false|false&#8221; custom_margin_last_edited=&#8221;on|desktop&#8221; custom_padding=&#8221;100px|50px|100px|50px|false|false&#8221; custom_padding_tablet=&#8221;&#8221; custom_padding_phone=&#8221;|20px||20px|false|false&#8221; custom_padding_last_edited=&#8221;on|phone&#8221; text_font_size_tablet=&#8221;20px&#8221; text_font_size_phone=&#8221;20px&#8221; text_font_size_last_edited=&#8221;on|phone&#8221; header_font_tablet=&#8221;&#8221; header_font_phone=&#8221;&#8221; header_font_last_edited=&#8221;on|phone&#8221; text_font_size__hover_enabled=&#8221;off|desktop&#8221;]<\/p>\n<h1>Volem cr\u00e9ixer al teu costat<\/h1>\n<p>Busquem gent amb talent i habilitats personals, amb ganes d&#8217;apendre i de compartir. Creix amb SQG i desenvolupa la teva carrera professional amb nosaltres.<\/p>\n<p>[\/et_pb_text][\/et_pb_column][et_pb_column type=&#8221;1_2&#8243; _builder_version=&#8221;4.7.7&#8243; _module_preset=&#8221;default&#8221;][et_pb_image src=&#8221;https:\/\/sqg.es\/wp-content\/uploads\/2021\/03\/sqg-abogados-uneixte2.jpg&#8221; title_text=&#8221;sqg-abogados-uneixte2&#8243; _builder_version=&#8221;4.7.7&#8243; _module_preset=&#8221;default&#8221; hover_enabled=&#8221;0&#8243; sticky_enabled=&#8221;0&#8243; background_enable_image=&#8221;off&#8221;][\/et_pb_image][\/et_pb_column][\/et_pb_row][\/et_pb_section][et_pb_section fb_built=&#8221;1&#8243; _builder_version=&#8221;4.7.7&#8243; _module_preset=&#8221;default&#8221; background_color=&#8221;#e7e8e8&#8243;][et_pb_row custom_padding_last_edited=&#8221;on|phone&#8221; _builder_version=&#8221;4.7.7&#8243; _module_preset=&#8221;default&#8221; custom_padding=&#8221;3vw||0vw||false|false&#8221; custom_padding_tablet=&#8221;3vw||||false|false&#8221; custom_padding_phone=&#8221;28vw||||false|false&#8221;][et_pb_column type=&#8221;4_4&#8243; _builder_version=&#8221;4.7.7&#8243; _module_preset=&#8221;default&#8221;][et_pb_text _builder_version=&#8221;4.7.7&#8243; _module_preset=&#8221;default&#8221; text_font=&#8221;IBM Plex Sans|300|||||||&#8221; text_text_color=&#8221;#002856&#8243; text_font_size=&#8221;26px&#8221; text_line_height=&#8221;1.2em&#8221; header_font=&#8221;IBM Plex Sans|700|||||||&#8221; header_text_color=&#8221;#002856&#8243; custom_margin=&#8221;||||false|false&#8221; header_font_size_phone=&#8221;24px&#8221;]<\/p>\n<h1 style=\"text-align: center;\">Contacta amb nosaltres<\/h1>\n<p>[\/et_pb_text][\/et_pb_column][\/et_pb_row][et_pb_row use_custom_gutter=&#8221;on&#8221; gutter_width=&#8221;1&#8243; custom_padding_last_edited=&#8221;on|phone&#8221; _builder_version=&#8221;4.7.7&#8243; _module_preset=&#8221;default&#8221; width=&#8221;60%&#8221; max_width=&#8221;1720px&#8221; custom_padding=&#8221;0vw||0vw||true|false&#8221; custom_padding_tablet=&#8221;&#8221; custom_padding_phone=&#8221;0vw||0vw||true|false&#8221; locked=&#8221;off&#8221;][et_pb_column type=&#8221;4_4&#8243; _builder_version=&#8221;4.7.7&#8243; _module_preset=&#8221;default&#8221;][dvppl_cf7_styler form_background_color=&#8221;rgba(245,245,245,0)&#8221; form_field_active_color=&#8221;rgba(0,0,0,0)&#8221; cr_custom_styles=&#8221;on&#8221; _builder_version=&#8221;4.7.7&#8243; _module_preset=&#8221;default&#8221; form_field_font_text_color=&#8221;#000000&#8243; form_field_font_font_size=&#8221;12px&#8221; form_field_font_line_height=&#8221;1.1em&#8221; labels_line_height=&#8221;1em&#8221; placeholder_font_size=&#8221;16px&#8221; custom_submit_button=&#8221;on&#8221; submit_button_text_color=&#8221;#002856&#8243; submit_button_bg_color=&#8221;rgba(0,40,86,0)&#8221; submit_button_border_width=&#8221;2px&#8221; submit_button_border_color=&#8221;#002856&#8243; submit_button_font=&#8221;IBM Plex Sans||||||||&#8221; custom_margin=&#8221;-33px||||false|false&#8221; labels_font_size_tablet=&#8221;&#8221; labels_font_size_phone=&#8221;14px&#8221; labels_font_size_last_edited=&#8221;on|phone&#8221; submit_button_text_size_tablet=&#8221;&#8221; submit_button_text_size_phone=&#8221;12px&#8221; submit_button_text_size_last_edited=&#8221;on|phone&#8221; border_color_all_field=&#8221;rgba(0,0,0,0)&#8221; border_style_top_field=&#8221;dashed&#8221; border_color_bottom_field=&#8221;#e02b20&#8243; border_radii_field_tablet=&#8221;&#8221; border_radii_field_phone=&#8221;&#8221; border_radii_field_last_edited=&#8221;on|desktop&#8221;][\/dvppl_cf7_styler][\/et_pb_column][\/et_pb_row][et_pb_row custom_padding_last_edited=&#8221;on|phone&#8221; _builder_version=&#8221;4.7.7&#8243; _module_preset=&#8221;default&#8221; width=&#8221;60%&#8221; custom_margin_tablet=&#8221;&#8221; custom_margin_phone=&#8221;&#8221; custom_margin_last_edited=&#8221;on|tablet&#8221; custom_padding=&#8221;0vw||3vw||false|false&#8221; custom_padding_tablet=&#8221;&#8221; custom_padding_phone=&#8221;||34vw||false|false&#8221;][et_pb_column type=&#8221;4_4&#8243; _builder_version=&#8221;4.7.7&#8243; _module_preset=&#8221;default&#8221;][et_pb_text _builder_version=&#8221;4.7.7&#8243; _module_preset=&#8221;default&#8221; text_font=&#8221;|300|||||||&#8221; text_font_size=&#8221;13px&#8221; text_line_height=&#8221;1.6em&#8221; text_line_height_tablet=&#8221;&#8221; text_line_height_phone=&#8221;&#8221; text_line_height_last_edited=&#8221;on|phone&#8221; locked=&#8221;off&#8221;]<\/p>\n<p><strong>INFORMACI\u00d3 B\u00c0SICA<\/strong> de protecci\u00f3 de dades:<\/p>\n<p><strong>Responsable del tractament:<\/strong> SQG <strong><a href=\"https:\/\/sqg.es\/politica-de-privacitat\">+info<\/a><\/strong><br \/> <strong>Finalitat:<\/strong> Rebre les comunicacions comercials per mitjans electr\u00f2nics de publicacions legals, comentaris i an\u00e0lisi jur\u00eddics.<br \/> <strong>Legitimitat:<\/strong> El consentiment atorgat en marcar la casella indicada en aquest formulari <strong><a href=\"https:\/\/sqg.es\/politica-de-privacitat\">+info<\/a><\/strong><br \/> <strong>Destinataris:<\/strong> Seran destinataris de les dades els encarregats del tractament <strong><a href=\"https:\/\/sqg.es\/politica-de-privacitat\">+info<\/a><\/strong><br \/> <strong>Drets:<\/strong> Drets reconeguts en la normativa de protecci\u00f3 de dades i \/ o revocaci\u00f3 del consentiment detallats en la <a href=\"https:\/\/sqg.es\/politica-de-privacitat\"><strong>Pol\u00edtica de Privacitat<\/strong><\/a><br \/> <strong>Informaci\u00f3 addicional:<\/strong> Podeu consultar la informaci\u00f3 addicional i detallada sobre protecci\u00f3 de dades <a href=\"https:\/\/sqg.es\/politica-de-privacitat\"><strong>aqu\u00ed<\/strong><\/a><\/p>\n<p>[\/et_pb_text][\/et_pb_column][\/et_pb_row][\/et_pb_section]<\/p>\n","protected":false},"excerpt":{"rendered":"<p>[et_pb_section fb_built=&#8221;1&#8243; _builder_version=&#8221;4.7.7&#8243; _module_preset=&#8221;default&#8221;][et_pb_row _builder_version=&#8221;4.7.7&#8243; _module_preset=&#8221;default&#8221; width_tablet=&#8221;&#8221; width_phone=&#8221;&#8221; width_last_edited=&#8221;on|tablet&#8221; min_height=&#8221;0px&#8221; custom_margin=&#8221;0px||0px||true|false&#8221; custom_padding=&#8221;||6vw||false|false&#8221; locked=&#8221;off&#8221;][et_pb_column type=&#8221;4_4&#8243; _builder_version=&#8221;4.7.7&#8243; _module_preset=&#8221;default&#8221;][et_pb_text _builder_version=&#8221;4.7.7&#8243; _module_preset=&#8221;default&#8221; header_font=&#8221;IBM Plex Sans|700|||||||&#8221; header_text_align=&#8221;center&#8221; header_text_color=&#8221;#002856&#8243; custom_margin_tablet=&#8221;&#8221; custom_margin_phone=&#8221;&#8221; custom_margin_last_edited=&#8221;on|desktop&#8221; locked=&#8221;off&#8221;] Uneix-te [\/et_pb_text][\/et_pb_column][\/et_pb_row][et_pb_row column_structure=&#8221;1_2,1_2&#8243; use_custom_gutter=&#8221;on&#8221; gutter_width=&#8221;1&#8243; custom_padding_last_edited=&#8221;on|desktop&#8221; module_class=&#8221;.altura_columnas&#8221; _builder_version=&#8221;4.7.7&#8243; _module_preset=&#8221;default&#8221; min_height=&#8221;auto&#8221; custom_margin=&#8221;||||false|false&#8221; custom_margin_phone=&#8221;||0px||false|false&#8221; custom_padding=&#8221;0vw|0px|6vw|0px|false|false&#8221; custom_padding_tablet=&#8221;&#8221; custom_padding_phone=&#8221;6vw||6vw||true|false&#8221; hover_enabled=&#8221;0&#8243; module_alignment_tablet=&#8221;&#8221; module_alignment_phone=&#8221;&#8221; module_alignment_last_edited=&#8221;on|desktop&#8221; locked=&#8221;off&#8221; sticky_enabled=&#8221;0&#8243;][et_pb_column type=&#8221;1_2&#8243; _builder_version=&#8221;4.7.7&#8243; _module_preset=&#8221;default&#8221; hover_enabled=&#8221;0&#8243; custom_css_main_element=&#8221;display: flex;||flex-direction: column;||justify-content: [&hellip;]<\/p>\n","protected":false},"author":1,"featured_media":0,"parent":0,"menu_order":0,"comment_status":"closed","ping_status":"closed","template":"","meta":{"_et_pb_use_builder":"on","_et_pb_old_content":"","_et_gb_content_width":"","footnotes":""},"class_list":["post-21","page","type-page","status-publish","hentry"],"_links":{"self":[{"href":"https:\/\/sqg.es\/ca\/wp-json\/wp\/v2\/pages\/21","targetHints":{"allow":["GET"]}}],"collection":[{"href":"https:\/\/sqg.es\/ca\/wp-json\/wp\/v2\/pages"}],"about":[{"href":"https:\/\/sqg.es\/ca\/wp-json\/wp\/v2\/types\/page"}],"author":[{"embeddable":true,"href":"https:\/\/sqg.es\/ca\/wp-json\/wp\/v2\/users\/1"}],"replies":[{"embeddable":true,"href":"https:\/\/sqg.es\/ca\/wp-json\/wp\/v2\/comments?post=21"}],"version-history":[{"count":0,"href":"https:\/\/sqg.es\/ca\/wp-json\/wp\/v2\/pages\/21\/revisions"}],"wp:attachment":[{"href":"https:\/\/sqg.es\/ca\/wp-json\/wp\/v2\/media?parent=21"}],"curies":[{"name":"wp","href":"https:\/\/api.w.org\/{rel}","templated":true}]}}